{"id":276,"date":"2021-06-20T22:00:25","date_gmt":"2021-06-21T06:00:25","guid":{"rendered":"https:\/\/apacsafety.com\/?page_id=276"},"modified":"2022-01-03T19:01:04","modified_gmt":"2022-01-04T03:01:04","slug":"thank-you","status":"publish","type":"page","link":"https:\/\/apacsafety.com\/fr\/thank-you\/","title":{"rendered":"Thank You"},"content":{"rendered":"<div data-elementor-type=\"wp-page\" data-elementor-id=\"276\" class=\"elementor elementor-276\" data-elementor-settings=\"{&quot;ha_cmc_init_switcher&quot;:&quot;no&quot;}\" data-elementor-post-type=\"page\">\n\t\t\t\t\t\t<section class=\"elementor-section elementor-top-section elementor-element elementor-element-q6irhte elementor-reverse-mobile elementor-section-boxed ang-section-padding-initial elementor-section-height-default elementor-section-height-default elementor-repeater-item-none elementor-repeater-item-none_hover\" data-id=\"q6irhte\" data-element_type=\"section\" data-e-type=\"section\" data-settings=\"{&quot;background_background&quot;:&quot;classic&quot;,&quot;_ha_eqh_enable&quot;:false}\">\n\t\t\t\t\t\t\t<div class=\"elementor-background-overlay\"><\/div>\n\t\t\t\t\t\t\t<div class=\"elementor-container elementor-column-gap-default\">\n\t\t\t\t\t<div class=\"elementor-column elementor-col-100 elementor-top-column elementor-element elementor-element-5c2d219 elementor-repeater-item-none elementor-repeater-item-none_hover\" data-id=\"5c2d219\" data-element_type=\"column\" data-e-type=\"column\">\n\t\t\t<div class=\"elementor-widget-wrap elementor-element-populated\">\n\t\t\t\t\t\t<div class=\"elementor-element elementor-element-402518f elementor-repeater-item-none elementor-repeater-item-none_hover elementor-widget elementor-widget-heading\" data-id=\"402518f\" data-element_type=\"widget\" data-e-type=\"widget\" data-widget_type=\"heading.default\">\n\t\t\t\t<div class=\"elementor-widget-container\">\n\t\t\t\t\t<h1 class=\"elementor-heading-title elementor-size-default\">Merci de nous avoir contact\u00e9s !\n<\/h1>\t\t\t\t<\/div>\n\t\t\t\t<\/div>\n\t\t\t\t<section class=\"elementor-section elementor-inner-section elementor-element elementor-element-6152cf3 elementor-section-boxed ang-section-padding-initial elementor-section-height-default elementor-section-height-default elementor-repeater-item-none elementor-repeater-item-none_hover\" data-id=\"6152cf3\" data-element_type=\"section\" data-e-type=\"section\" data-settings=\"{&quot;_ha_eqh_enable&quot;:false}\">\n\t\t\t\t\t\t<div class=\"elementor-container elementor-column-gap-no\">\n\t\t\t\t\t<div class=\"elementor-column elementor-col-100 elementor-inner-column elementor-element elementor-element-ee839e6 elementor-repeater-item-none elementor-repeater-item-none_hover\" data-id=\"ee839e6\" data-element_type=\"column\" data-e-type=\"column\">\n\t\t\t<div class=\"elementor-widget-wrap elementor-element-populated\">\n\t\t\t\t\t\t<div class=\"elementor-element elementor-element-b899994 elementor-repeater-item-none elementor-repeater-item-none_hover elementor-widget elementor-widget-text-editor\" data-id=\"b899994\" data-element_type=\"widget\" data-e-type=\"widget\" data-widget_type=\"text-editor.default\">\n\t\t\t\t<div class=\"elementor-widget-container\">\n\t\t\t\t\t\t\t\t\t<p>Notre \u00e9quipe vous r\u00e9pondra dans les 24 heures, veuillez v\u00e9rifier votre e-mail.<\/p><p>Et si vous ne recevez pas de r\u00e9ponse \u00e0 cause de certaines erreurs,<\/p><p>vous pouvez nous appeler directement !<\/p><p>+86 18626117708<\/p>\t\t\t\t\t\t\t\t<\/div>\n\t\t\t\t<\/div>\n\t\t\t\t<div class=\"elementor-element elementor-element-ee45d0c elementor-mobile-align-center elementor-align-center elementor-repeater-item-none elementor-repeater-item-none_hover elementor-widget elementor-widget-button\" data-id=\"ee45d0c\" data-element_type=\"widget\" data-e-type=\"widget\" data-widget_type=\"button.default\">\n\t\t\t\t<div class=\"elementor-widget-container\">\n\t\t\t\t\t\t\t\t\t<div class=\"elementor-button-wrapper\">\n\t\t\t\t\t<a class=\"elementor-button elementor-button-link elementor-size-sm\" href=\"https:\/\/apacsafety.com\/fr\/\">\n\t\t\t\t\t\t<span class=\"elementor-button-content-wrapper\">\n\t\t\t\t\t\t\t\t\t<span class=\"elementor-button-text\">Retour \u00e0 l&#039;accueil<\/span>\n\t\t\t\t\t<\/span>\n\t\t\t\t\t<\/a>\n\t\t\t\t<\/div>\n\t\t\t\t\t\t\t\t<\/div>\n\t\t\t\t<\/div>\n\t\t\t\t\t<\/div>\n\t\t<\/div>\n\t\t\t\t\t<\/div>\n\t\t<\/section>\n\t\t\t\t\t<\/div>\n\t\t<\/div>\n\t\t\t\t\t<\/div>\n\t\t<\/section>\n\t\t\t\t<\/div>","protected":false},"excerpt":{"rendered":"<p>Thank You For Getting In Touch! Our Team will reply to you within 24 hours, please check your email. And if you don\u2018t receive a response because of some errors, you can call us directly ! +86 18626117708 Back to Home<\/p>","protected":false},"author":2,"featured_media":0,"parent":0,"menu_order":0,"comment_status":"closed","ping_status":"closed","template":"","meta":{"footnotes":""},"class_list":["post-276","page","type-page","status-publish","hentry"],"yoast_head":"<!-- This site is optimized with the Yoast SEO plugin v27.4 - https:\/\/yoast.com\/product\/yoast-seo-wordpress\/ -->\n<title>Thank You - Your Site Safety Product Specialist | APAC<\/title>\n<meta name=\"description\" content=\"thank you for getting in touch!\" \/>\n<meta name=\"robots\" content=\"index, follow, max-snippet:-1, max-image-preview:large, max-video-preview:-1\" \/>\n<link rel=\"canonical\" href=\"https:\/\/apacsafety.com\/fr\/thank-you\/\" \/>\n<meta property=\"og:locale\" content=\"fr_FR\" \/>\n<meta property=\"og:type\" content=\"article\" \/>\n<meta property=\"og:title\" content=\"Thank You - Your Site Safety Product Specialist | APAC\" \/>\n<meta property=\"og:description\" content=\"thank you for getting in touch!\" \/>\n<meta property=\"og:url\" content=\"https:\/\/apacsafety.com\/fr\/thank-you\/\" \/>\n<meta property=\"og:site_name\" content=\"Your Site Safety Product Specialist | APAC\" \/>\n<meta property=\"article:publisher\" content=\"https:\/\/www.facebook.com\/edgeprotectionsolution\" \/>\n<meta property=\"article:modified_time\" content=\"2022-01-04T03:01:04+00:00\" \/>\n<meta name=\"twitter:card\" content=\"summary_large_image\" \/>\n<meta name=\"twitter:site\" content=\"@APACInfo\" \/>\n<meta name=\"twitter:label1\" content=\"Dur\u00e9e de lecture estim\u00e9e\" \/>\n\t<meta name=\"twitter:data1\" content=\"1 minute\" \/>\n<script type=\"application\/ld+json\" class=\"yoast-schema-graph\">{\"@context\":\"https:\\\/\\\/schema.org\",\"@graph\":[{\"@type\":\"WebPage\",\"@id\":\"https:\\\/\\\/apacsafety.com\\\/thank-you\\\/\",\"url\":\"https:\\\/\\\/apacsafety.com\\\/thank-you\\\/\",\"name\":\"Thank You - Your Site Safety Product Specialist | APAC\",\"isPartOf\":{\"@id\":\"https:\\\/\\\/apacsafety.com\\\/#website\"},\"datePublished\":\"2021-06-21T06:00:25+00:00\",\"dateModified\":\"2022-01-04T03:01:04+00:00\",\"description\":\"thank you for getting in touch!\",\"breadcrumb\":{\"@id\":\"https:\\\/\\\/apacsafety.com\\\/thank-you\\\/#breadcrumb\"},\"inLanguage\":\"fr-FR\",\"potentialAction\":[{\"@type\":\"ReadAction\",\"target\":[\"https:\\\/\\\/apacsafety.com\\\/thank-you\\\/\"]}]},{\"@type\":\"BreadcrumbList\",\"@id\":\"https:\\\/\\\/apacsafety.com\\\/thank-you\\\/#breadcrumb\",\"itemListElement\":[{\"@type\":\"ListItem\",\"position\":1,\"name\":\"Home\",\"item\":\"https:\\\/\\\/apacsafety.com\\\/\"},{\"@type\":\"ListItem\",\"position\":2,\"name\":\"Thank You\"}]},{\"@type\":\"WebSite\",\"@id\":\"https:\\\/\\\/apacsafety.com\\\/#website\",\"url\":\"https:\\\/\\\/apacsafety.com\\\/\",\"name\":\"Your Site Safety Product Specialist | APAC\",\"description\":\"\",\"publisher\":{\"@id\":\"https:\\\/\\\/apacsafety.com\\\/#organization\"},\"potentialAction\":[{\"@type\":\"SearchAction\",\"target\":{\"@type\":\"EntryPoint\",\"urlTemplate\":\"https:\\\/\\\/apacsafety.com\\\/?s={search_term_string}\"},\"query-input\":{\"@type\":\"PropertyValueSpecification\",\"valueRequired\":true,\"valueName\":\"search_term_string\"}}],\"inLanguage\":\"fr-FR\"},{\"@type\":\"Organization\",\"@id\":\"https:\\\/\\\/apacsafety.com\\\/#organization\",\"name\":\"Your Site Safety Product Specialist | APAC\",\"url\":\"https:\\\/\\\/apacsafety.com\\\/\",\"logo\":{\"@type\":\"ImageObject\",\"inLanguage\":\"fr-FR\",\"@id\":\"https:\\\/\\\/apacsafety.com\\\/#\\\/schema\\\/logo\\\/image\\\/\",\"url\":\"https:\\\/\\\/apacsafety.com\\\/wp-content\\\/uploads\\\/2021\\\/06\\\/cropped-\u900f\u660e\u5e95\u957f\u65b9\u5f62logo\uff08\u65e0\u5c0f\u5b57\uff09.png\",\"contentUrl\":\"https:\\\/\\\/apacsafety.com\\\/wp-content\\\/uploads\\\/2021\\\/06\\\/cropped-\u900f\u660e\u5e95\u957f\u65b9\u5f62logo\uff08\u65e0\u5c0f\u5b57\uff09.png\",\"width\":2560,\"height\":706,\"caption\":\"Your Site Safety Product Specialist | APAC\"},\"image\":{\"@id\":\"https:\\\/\\\/apacsafety.com\\\/#\\\/schema\\\/logo\\\/image\\\/\"},\"sameAs\":[\"https:\\\/\\\/www.facebook.com\\\/edgeprotectionsolution\",\"https:\\\/\\\/x.com\\\/APACInfo\",\"https:\\\/\\\/www.youtube.com\\\/channel\\\/UCXCWzRI-TamfdLIY_4xa3ow\",\"https:\\\/\\\/www.linkedin.com\\\/company\\\/apac-builders-equipment-co-ltd\\\/\"]}]}<\/script>\n<!-- \/ Yoast SEO plugin. -->","yoast_head_json":{"title":"Thank You - Your Site Safety Product Specialist | APAC","description":"thank you for getting in touch!","robots":{"index":"index","follow":"follow","max-snippet":"max-snippet:-1","max-image-preview":"max-image-preview:large","max-video-preview":"max-video-preview:-1"},"canonical":"https:\/\/apacsafety.com\/fr\/thank-you\/","og_locale":"fr_FR","og_type":"article","og_title":"Thank You - Your Site Safety Product Specialist | APAC","og_description":"thank you for getting in touch!","og_url":"https:\/\/apacsafety.com\/fr\/thank-you\/","og_site_name":"Your Site Safety Product Specialist | APAC","article_publisher":"https:\/\/www.facebook.com\/edgeprotectionsolution","article_modified_time":"2022-01-04T03:01:04+00:00","twitter_card":"summary_large_image","twitter_site":"@APACInfo","twitter_misc":{"Dur\u00e9e de lecture estim\u00e9e":"1 minute"},"schema":{"@context":"https:\/\/schema.org","@graph":[{"@type":"WebPage","@id":"https:\/\/apacsafety.com\/thank-you\/","url":"https:\/\/apacsafety.com\/thank-you\/","name":"Thank You - Your Site Safety Product Specialist | APAC","isPartOf":{"@id":"https:\/\/apacsafety.com\/#website"},"datePublished":"2021-06-21T06:00:25+00:00","dateModified":"2022-01-04T03:01:04+00:00","description":"thank you for getting in touch!","breadcrumb":{"@id":"https:\/\/apacsafety.com\/thank-you\/#breadcrumb"},"inLanguage":"fr-FR","potentialAction":[{"@type":"ReadAction","target":["https:\/\/apacsafety.com\/thank-you\/"]}]},{"@type":"BreadcrumbList","@id":"https:\/\/apacsafety.com\/thank-you\/#breadcrumb","itemListElement":[{"@type":"ListItem","position":1,"name":"Home","item":"https:\/\/apacsafety.com\/"},{"@type":"ListItem","position":2,"name":"Thank You"}]},{"@type":"WebSite","@id":"https:\/\/apacsafety.com\/#website","url":"https:\/\/apacsafety.com\/","name":"Votre sp\u00e9cialiste des produits de s\u00e9curit\u00e9 sur site | APAC","description":"","publisher":{"@id":"https:\/\/apacsafety.com\/#organization"},"potentialAction":[{"@type":"SearchAction","target":{"@type":"EntryPoint","urlTemplate":"https:\/\/apacsafety.com\/?s={search_term_string}"},"query-input":{"@type":"PropertyValueSpecification","valueRequired":true,"valueName":"search_term_string"}}],"inLanguage":"fr-FR"},{"@type":"Organization","@id":"https:\/\/apacsafety.com\/#organization","name":"Votre sp\u00e9cialiste des produits de s\u00e9curit\u00e9 sur site | APAC","url":"https:\/\/apacsafety.com\/","logo":{"@type":"ImageObject","inLanguage":"fr-FR","@id":"https:\/\/apacsafety.com\/#\/schema\/logo\/image\/","url":"https:\/\/apacsafety.com\/wp-content\/uploads\/2021\/06\/cropped-\u900f\u660e\u5e95\u957f\u65b9\u5f62logo\uff08\u65e0\u5c0f\u5b57\uff09.png","contentUrl":"https:\/\/apacsafety.com\/wp-content\/uploads\/2021\/06\/cropped-\u900f\u660e\u5e95\u957f\u65b9\u5f62logo\uff08\u65e0\u5c0f\u5b57\uff09.png","width":2560,"height":706,"caption":"Your Site Safety Product Specialist | APAC"},"image":{"@id":"https:\/\/apacsafety.com\/#\/schema\/logo\/image\/"},"sameAs":["https:\/\/www.facebook.com\/edgeprotectionsolution","https:\/\/x.com\/APACInfo","https:\/\/www.youtube.com\/channel\/UCXCWzRI-TamfdLIY_4xa3ow","https:\/\/www.linkedin.com\/company\/apac-builders-equipment-co-ltd\/"]}]}},"_links":{"self":[{"href":"https:\/\/apacsafety.com\/fr\/wp-json\/wp\/v2\/pages\/276","targetHints":{"allow":["GET"]}}],"collection":[{"href":"https:\/\/apacsafety.com\/fr\/wp-json\/wp\/v2\/pages"}],"about":[{"href":"https:\/\/apacsafety.com\/fr\/wp-json\/wp\/v2\/types\/page"}],"author":[{"embeddable":true,"href":"https:\/\/apacsafety.com\/fr\/wp-json\/wp\/v2\/users\/2"}],"replies":[{"embeddable":true,"href":"https:\/\/apacsafety.com\/fr\/wp-json\/wp\/v2\/comments?post=276"}],"version-history":[{"count":0,"href":"https:\/\/apacsafety.com\/fr\/wp-json\/wp\/v2\/pages\/276\/revisions"}],"wp:attachment":[{"href":"https:\/\/apacsafety.com\/fr\/wp-json\/wp\/v2\/media?parent=276"}],"curies":[{"name":"wp","href":"https:\/\/api.w.org\/{rel}","templated":true}]}}