{"id":19525,"date":"2022-03-23T00:29:30","date_gmt":"2022-03-23T08:29:30","guid":{"rendered":"https:\/\/apacsafety.com\/?page_id=19525"},"modified":"2022-03-23T01:17:20","modified_gmt":"2022-03-23T09:17:20","slug":"global-distribution","status":"publish","type":"page","link":"https:\/\/apacsafety.com\/sv\/global-distribution\/","title":{"rendered":"Global distribution"},"content":{"rendered":"\t\t<div data-elementor-type=\"wp-page\" data-elementor-id=\"19525\" class=\"elementor elementor-19525\" data-elementor-settings=\"{&quot;ha_cmc_init_switcher&quot;:&quot;no&quot;}\" data-elementor-post-type=\"page\">\n\t\t\t\t\t\t<section class=\"elementor-section elementor-top-section elementor-element elementor-element-e7e89e7 elementor-section-boxed ang-section-padding-initial elementor-section-height-default elementor-section-height-default elementor-repeater-item-none elementor-repeater-item-none_hover\" data-id=\"e7e89e7\" data-element_type=\"section\" data-e-type=\"section\" data-settings=\"{&quot;background_background&quot;:&quot;classic&quot;,&quot;_ha_eqh_enable&quot;:false}\">\n\t\t\t\t\t\t\t<div class=\"elementor-background-overlay\"><\/div>\n\t\t\t\t\t\t\t<div class=\"elementor-container elementor-column-gap-default\">\n\t\t\t\t\t<div class=\"elementor-column elementor-col-100 elementor-top-column elementor-element elementor-element-f9a9c91 elementor-repeater-item-none elementor-repeater-item-none_hover\" data-id=\"f9a9c91\" data-element_type=\"column\" data-e-type=\"column\">\n\t\t\t<div class=\"elementor-widget-wrap elementor-element-populated\">\n\t\t\t\t\t\t<div class=\"elementor-element elementor-element-15a9985 elementor-repeater-item-none elementor-repeater-item-none_hover elementor-widget elementor-widget-heading\" data-id=\"15a9985\" data-element_type=\"widget\" data-e-type=\"widget\" data-widget_type=\"heading.default\">\n\t\t\t\t<div class=\"elementor-widget-container\">\n\t\t\t\t\t<h1 class=\"elementor-heading-title elementor-size-default\">Interested in becoming a distributor?<\/h1>\t\t\t\t<\/div>\n\t\t\t\t<\/div>\n\t\t\t\t\t<\/div>\n\t\t<\/div>\n\t\t\t\t\t<\/div>\n\t\t<\/section>\n\t\t\t\t<section class=\"elementor-section elementor-top-section elementor-element elementor-element-440017c elementor-section-boxed ang-section-padding-initial elementor-section-height-default elementor-section-height-default elementor-repeater-item-none elementor-repeater-item-none_hover\" data-id=\"440017c\" data-element_type=\"section\" data-e-type=\"section\" data-settings=\"{&quot;_ha_eqh_enable&quot;:false}\">\n\t\t\t\t\t\t<div class=\"elementor-container elementor-column-gap-default\">\n\t\t\t\t\t<div class=\"elementor-column elementor-col-50 elementor-top-column elementor-element elementor-element-297e3ab elementor-repeater-item-none elementor-repeater-item-none_hover\" data-id=\"297e3ab\" data-element_type=\"column\" data-e-type=\"column\">\n\t\t\t<div class=\"elementor-widget-wrap elementor-element-populated\">\n\t\t\t\t\t\t<div class=\"elementor-element elementor-element-bfcc7d7 elementor-repeater-item-none elementor-repeater-item-none_hover elementor-widget elementor-widget-heading\" data-id=\"bfcc7d7\" data-element_type=\"widget\" data-e-type=\"widget\" data-widget_type=\"heading.default\">\n\t\t\t\t<div class=\"elementor-widget-container\">\n\t\t\t\t\t<h3 class=\"elementor-heading-title elementor-size-default\">cooperate with APAC<\/h3>\t\t\t\t<\/div>\n\t\t\t\t<\/div>\n\t\t\t\t<div class=\"elementor-element elementor-element-f3d4149 elementor-repeater-item-none elementor-repeater-item-none_hover elementor-widget elementor-widget-text-editor\" data-id=\"f3d4149\" data-element_type=\"widget\" data-e-type=\"widget\" data-widget_type=\"text-editor.default\">\n\t\t\t\t<div class=\"elementor-widget-container\">\n\t\t\t\t\t\t\t\t\t<p>Being devoted to construction worksite safety industry products for more than 10 years, APAC is fully aware of the importance of the construction industry and job site safety needs.<\/p><p>We have developed and produced more than 270 worksite safety product types and various accessories. We can also customize the products according to specific requirements to suit the markets.<\/p><p>In order to benefit more customers and workers worldwide, we are currently seeking distributors or agents all over the world who are willing to develop international growth together with us.<\/p><p>If interested, please contact us directly. Professional R&amp;D teams, big manufacturing capacity, high-quality products, suitable prices, strong technical support are waiting for you.<\/p><p>Let&#8217;s accelerate our business together!<\/p>\t\t\t\t\t\t\t\t<\/div>\n\t\t\t\t<\/div>\n\t\t\t\t<div class=\"elementor-element elementor-element-4964241 external_elementor-repeater-item-none_external elementor-repeater-item-none elementor-repeater-item-none_hover elementor-widget elementor-widget-image\" data-id=\"4964241\" data-element_type=\"widget\" data-e-type=\"widget\" data-widget_type=\"image.default\">\n\t\t\t\t<div class=\"elementor-widget-container\">\n\t\t\t\t\t\t\t\t\t\t\t\t\t\t\t<img fetchpriority=\"high\" decoding=\"async\" width=\"800\" height=\"360\" src=\"https:\/\/apacsafety.com\/wp-content\/uploads\/2022\/03\/online-freight-order-tracking-1024x461.jpg\" class=\"attachment-large size-large wp-image-19551\" alt=\"\" srcset=\"https:\/\/apacsafety.com\/wp-content\/uploads\/2022\/03\/online-freight-order-tracking-1024x461.jpg 1024w, https:\/\/apacsafety.com\/wp-content\/uploads\/2022\/03\/online-freight-order-tracking-300x135.jpg 300w, https:\/\/apacsafety.com\/wp-content\/uploads\/2022\/03\/online-freight-order-tracking-768x346.jpg 768w, https:\/\/apacsafety.com\/wp-content\/uploads\/2022\/03\/online-freight-order-tracking-1536x691.jpg 1536w, https:\/\/apacsafety.com\/wp-content\/uploads\/2022\/03\/online-freight-order-tracking-595xh.jpg 595w, https:\/\/apacsafety.com\/wp-content\/uploads\/2022\/03\/online-freight-order-tracking.jpg 1920w\" sizes=\"(max-width: 800px) 100vw, 800px\" \/>\t\t\t\t\t\t\t\t\t\t\t\t\t\t\t<\/div>\n\t\t\t\t<\/div>\n\t\t\t\t\t<\/div>\n\t\t<\/div>\n\t\t\t\t<div class=\"elementor-column elementor-col-50 elementor-top-column elementor-element elementor-element-a516579 elementor-repeater-item-none elementor-repeater-item-none_hover\" data-id=\"a516579\" data-element_type=\"column\" data-e-type=\"column\" data-settings=\"{&quot;background_background&quot;:&quot;classic&quot;}\">\n\t\t\t<div class=\"elementor-widget-wrap elementor-element-populated\">\n\t\t\t\t\t\t<div class=\"elementor-element elementor-element-360d607 elementor-repeater-item-none elementor-repeater-item-none_hover elementor-widget elementor-widget-heading\" data-id=\"360d607\" data-element_type=\"widget\" data-e-type=\"widget\" data-widget_type=\"heading.default\">\n\t\t\t\t<div class=\"elementor-widget-container\">\n\t\t\t\t\t<h2 class=\"elementor-heading-title elementor-size-default\">join our global network<\/h2>\t\t\t\t<\/div>\n\t\t\t\t<\/div>\n\t\t\t\t<div class=\"elementor-element elementor-element-52b8b17 elementor-button-align-stretch elementor-repeater-item-none elementor-repeater-item-none_hover elementor-widget elementor-widget-form\" data-id=\"52b8b17\" data-element_type=\"widget\" data-e-type=\"widget\" data-settings=\"{&quot;step_next_label&quot;:&quot;Next&quot;,&quot;step_previous_label&quot;:&quot;Previous&quot;,&quot;button_width&quot;:&quot;100&quot;,&quot;step_type&quot;:&quot;number_text&quot;,&quot;step_icon_shape&quot;:&quot;circle&quot;}\" data-widget_type=\"form.default\">\n\t\t\t\t<div class=\"elementor-widget-container\">\n\t\t\t\t\t\t\t<form class=\"elementor-form\" method=\"post\" name=\"become distributor\" aria-label=\"become distributor\">\n\t\t\t<input type=\"hidden\" name=\"post_id\" value=\"19525\"\/>\n\t\t\t<input type=\"hidden\" name=\"form_id\" value=\"52b8b17\"\/>\n\t\t\t<input type=\"hidden\" name=\"referer_title\" value=\"Global Distribution - Your Site Safety Product Specialist | APAC\" \/>\n\n\t\t\t\t\t\t\t<input type=\"hidden\" name=\"queried_id\" value=\"19525\"\/>\n\t\t\t\n\t\t\t<div class=\"elementor-form-fields-wrapper elementor-labels-above\">\n\t\t\t\t\t\t\t\t<div class=\"elementor-field-type-text elementor-field-group elementor-column elementor-field-group-name elementor-col-100\">\n\t\t\t\t\t\t\t\t\t\t\t\t<label for=\"form-field-name\" class=\"elementor-field-label\">\n\t\t\t\t\t\t\t\tCompany Name\t\t\t\t\t\t\t<\/label>\n\t\t\t\t\t\t\t\t\t\t\t\t\t\t<input size=\"1\" type=\"text\" name=\"form_fields[name]\" id=\"form-field-name\" class=\"elementor-field elementor-size-sm  elementor-field-textual\">\n\t\t\t\t\t\t\t\t\t\t\t<\/div>\n\t\t\t\t\t\t\t\t<div class=\"elementor-field-type-email elementor-field-group elementor-column elementor-field-group-email elementor-col-100\">\n\t\t\t\t\t\t\t\t\t\t\t\t<label for=\"form-field-email\" class=\"elementor-field-label\">\n\t\t\t\t\t\t\t\tAddress\t\t\t\t\t\t\t<\/label>\n\t\t\t\t\t\t\t\t\t\t\t\t\t\t<input size=\"1\" type=\"email\" name=\"form_fields[email]\" id=\"form-field-email\" class=\"elementor-field elementor-size-sm  elementor-field-textual\">\n\t\t\t\t\t\t\t\t\t\t\t<\/div>\n\t\t\t\t\t\t\t\t<div class=\"elementor-field-type-text elementor-field-group elementor-column elementor-field-group-field_f18b769 elementor-col-50 elementor-field-required elementor-mark-required\">\n\t\t\t\t\t\t\t\t\t\t\t\t<label for=\"form-field-field_f18b769\" class=\"elementor-field-label\">\n\t\t\t\t\t\t\t\tContact Name*\t\t\t\t\t\t\t<\/label>\n\t\t\t\t\t\t\t\t\t\t\t\t\t\t<input size=\"1\" type=\"text\" name=\"form_fields[field_f18b769]\" id=\"form-field-field_f18b769\" class=\"elementor-field elementor-size-sm  elementor-field-textual\" required=\"required\">\n\t\t\t\t\t\t\t\t\t\t\t<\/div>\n\t\t\t\t\t\t\t\t<div class=\"elementor-field-type-tel elementor-field-group elementor-column elementor-field-group-field_2be07dd elementor-col-50 elementor-field-required elementor-mark-required\">\n\t\t\t\t\t\t\t\t\t\t\t\t<label for=\"form-field-field_2be07dd\" class=\"elementor-field-label\">\n\t\t\t\t\t\t\t\tPhone\t\t\t\t\t\t\t<\/label>\n\t\t\t\t\t\t\t\t<input size=\"1\" type=\"tel\" name=\"form_fields[field_2be07dd]\" id=\"form-field-field_2be07dd\" class=\"elementor-field elementor-size-sm  elementor-field-textual\" required=\"required\" pattern=\"[0-9()#&amp;+*-=.]+\" title=\"\u064a\u062a\u0645 \u0642\u0628\u0648\u0644 \u0627\u0644\u0623\u0631\u0642\u0627\u0645 \u0648\u062d\u0631\u0648\u0641 \u0627\u0644\u0647\u0627\u062a\u0641 \u0641\u0642\u0637 (#\u060c -\u060c *\u060c \u0648\u0645\u0627 \u0625\u0644\u0649 \u0630\u0644\u0643).\">\n\n\t\t\t\t\t\t<\/div>\n\t\t\t\t\t\t\t\t<div class=\"elementor-field-type-text elementor-field-group elementor-column elementor-field-group-field_dcac1a0 elementor-col-100 elementor-field-required elementor-mark-required\">\n\t\t\t\t\t\t\t\t\t\t\t\t<label for=\"form-field-field_dcac1a0\" class=\"elementor-field-label\">\n\t\t\t\t\t\t\t\tEmail\t\t\t\t\t\t\t<\/label>\n\t\t\t\t\t\t\t\t\t\t\t\t\t\t<input size=\"1\" type=\"text\" name=\"form_fields[field_dcac1a0]\" id=\"form-field-field_dcac1a0\" class=\"elementor-field elementor-size-sm  elementor-field-textual\" required=\"required\">\n\t\t\t\t\t\t\t\t\t\t\t<\/div>\n\t\t\t\t\t\t\t\t<div class=\"elementor-field-type-text elementor-field-group elementor-column elementor-field-group-field_4bb4e77 elementor-col-100\">\n\t\t\t\t\t\t\t\t\t\t\t\t<label for=\"form-field-field_4bb4e77\" class=\"elementor-field-label\">\n\t\t\t\t\t\t\t\tWebsite\t\t\t\t\t\t\t<\/label>\n\t\t\t\t\t\t\t\t\t\t\t\t\t\t<input size=\"1\" type=\"text\" name=\"form_fields[field_4bb4e77]\" id=\"form-field-field_4bb4e77\" class=\"elementor-field elementor-size-sm  elementor-field-textual\">\n\t\t\t\t\t\t\t\t\t\t\t<\/div>\n\t\t\t\t\t\t\t\t<div class=\"elementor-field-type-textarea elementor-field-group elementor-column elementor-field-group-field_cc5a286 elementor-col-100\">\n\t\t\t\t\t\t\t\t\t\t\t\t<label for=\"form-field-field_cc5a286\" class=\"elementor-field-label\">\n\t\t\t\t\t\t\t\tMessage\t\t\t\t\t\t\t<\/label>\n\t\t\t\t\t\t<textarea class=\"elementor-field-textual elementor-field  elementor-size-sm\" name=\"form_fields[field_cc5a286]\" id=\"form-field-field_cc5a286\" rows=\"4\" placeholder=\"Please provide a brief introduction of your company.\"><\/textarea>\t\t\t\t<\/div>\n\t\t\t\t\t\t\t\t<div class=\"elementor-field-type-recaptcha_v3 elementor-field-group elementor-column elementor-field-group-field_ebd4059 elementor-col-100 recaptcha_v3-bottomright\">\n\t\t\t\t\t<div class=\"elementor-field\" id=\"form-field-field_ebd4059\"><div class=\"elementor-g-recaptcha\" data-sitekey=\"6LcqhUgbAAAAACD0S5KH3yyKshKASIMx33hMMvxK\" data-type=\"v3\" data-action=\"Form\" data-badge=\"bottomright\" data-size=\"invisible\"><\/div><\/div>\t\t\t\t<\/div>\n\t\t\t\t\t\t\t\t<div class=\"elementor-field-group elementor-column elementor-field-type-submit elementor-col-100 e-form__buttons\">\n\t\t\t\t\t<button class=\"elementor-button elementor-size-sm\" type=\"submit\">\n\t\t\t\t\t\t<span class=\"elementor-button-content-wrapper\">\n\t\t\t\t\t\t\t\t\t\t\t\t\t\t\t\t\t\t\t\t\t\t<span class=\"elementor-button-text\">Send<\/span>\n\t\t\t\t\t\t\t\t\t\t\t\t\t<\/span>\n\t\t\t\t\t<\/button>\n\t\t\t\t<\/div>\n\t\t\t<\/div>\n\t\t<\/form>\n\t\t\t\t\t\t<\/div>\n\t\t\t\t<\/div>\n\t\t\t\t\t<\/div>\n\t\t<\/div>\n\t\t\t\t\t<\/div>\n\t\t<\/section>\n\t\t\t\t<\/div>\n\t\t","protected":false},"excerpt":{"rendered":"<p>Interested in becoming a distributor? cooperate with APAC Being devoted to construction worksite safety industry products for more than 10 years, APAC is fully aware of the importance of the construction industry and job site safety needs. We have developed and produced more than 270 worksite safety product types and various accessories. We can also [&hellip;]<\/p>\n","protected":false},"author":2,"featured_media":0,"parent":0,"menu_order":0,"comment_status":"closed","ping_status":"closed","template":"","meta":{"footnotes":""},"class_list":["post-19525","page","type-page","status-publish","hentry"],"yoast_head":"<!-- This site is optimized with the Yoast SEO plugin v27.3 - https:\/\/yoast.com\/product\/yoast-seo-wordpress\/ -->\n<title>Global Distribution - Your Site Safety Product Specialist | APAC<\/title>\n<meta name=\"robots\" content=\"index, follow, max-snippet:-1, max-image-preview:large, max-video-preview:-1\" \/>\n<link rel=\"canonical\" href=\"https:\/\/apacsafety.com\/sv\/global-distribution\/\" \/>\n<meta property=\"og:locale\" content=\"sv_SE\" \/>\n<meta property=\"og:type\" content=\"article\" \/>\n<meta property=\"og:title\" content=\"Global Distribution - Your Site Safety Product Specialist | APAC\" \/>\n<meta property=\"og:description\" content=\"Interested in becoming a distributor? cooperate with APAC Being devoted to construction worksite safety industry products for more than 10 years, APAC is fully aware of the importance of the construction industry and job site safety needs. We have developed and produced more than 270 worksite safety product types and various accessories. We can also [&hellip;]\" \/>\n<meta property=\"og:url\" content=\"https:\/\/apacsafety.com\/sv\/global-distribution\/\" \/>\n<meta property=\"og:site_name\" content=\"Your Site Safety Product Specialist | APAC\" \/>\n<meta property=\"article:publisher\" content=\"https:\/\/www.facebook.com\/edgeprotectionsolution\" \/>\n<meta property=\"article:modified_time\" content=\"2022-03-23T09:17:20+00:00\" \/>\n<meta property=\"og:image\" content=\"https:\/\/apacsafety.com\/wp-content\/uploads\/2022\/03\/online-freight-order-tracking-1024x461.jpg\" \/>\n<meta name=\"twitter:card\" content=\"summary_large_image\" \/>\n<meta name=\"twitter:site\" content=\"@APACInfo\" \/>\n<meta name=\"twitter:label1\" content=\"Ber\u00e4knad l\u00e4stid\" \/>\n\t<meta name=\"twitter:data1\" content=\"1 minut\" \/>\n<script type=\"application\/ld+json\" class=\"yoast-schema-graph\">{\"@context\":\"https:\\\/\\\/schema.org\",\"@graph\":[{\"@type\":\"WebPage\",\"@id\":\"https:\\\/\\\/apacsafety.com\\\/global-distribution\\\/\",\"url\":\"https:\\\/\\\/apacsafety.com\\\/global-distribution\\\/\",\"name\":\"Global Distribution - Your Site Safety Product Specialist | APAC\",\"isPartOf\":{\"@id\":\"https:\\\/\\\/apacsafety.com\\\/#website\"},\"primaryImageOfPage\":{\"@id\":\"https:\\\/\\\/apacsafety.com\\\/global-distribution\\\/#primaryimage\"},\"image\":{\"@id\":\"https:\\\/\\\/apacsafety.com\\\/global-distribution\\\/#primaryimage\"},\"thumbnailUrl\":\"https:\\\/\\\/apacsafety.com\\\/wp-content\\\/uploads\\\/2022\\\/03\\\/online-freight-order-tracking-1024x461.jpg\",\"datePublished\":\"2022-03-23T08:29:30+00:00\",\"dateModified\":\"2022-03-23T09:17:20+00:00\",\"breadcrumb\":{\"@id\":\"https:\\\/\\\/apacsafety.com\\\/global-distribution\\\/#breadcrumb\"},\"inLanguage\":\"sv-SE\",\"potentialAction\":[{\"@type\":\"ReadAction\",\"target\":[\"https:\\\/\\\/apacsafety.com\\\/global-distribution\\\/\"]}]},{\"@type\":\"ImageObject\",\"inLanguage\":\"sv-SE\",\"@id\":\"https:\\\/\\\/apacsafety.com\\\/global-distribution\\\/#primaryimage\",\"url\":\"https:\\\/\\\/apacsafety.com\\\/wp-content\\\/uploads\\\/2022\\\/03\\\/online-freight-order-tracking-1024x461.jpg\",\"contentUrl\":\"https:\\\/\\\/apacsafety.com\\\/wp-content\\\/uploads\\\/2022\\\/03\\\/online-freight-order-tracking-1024x461.jpg\"},{\"@type\":\"BreadcrumbList\",\"@id\":\"https:\\\/\\\/apacsafety.com\\\/global-distribution\\\/#breadcrumb\",\"itemListElement\":[{\"@type\":\"ListItem\",\"position\":1,\"name\":\"Home\",\"item\":\"https:\\\/\\\/apacsafety.com\\\/\"},{\"@type\":\"ListItem\",\"position\":2,\"name\":\"Global Distribution\"}]},{\"@type\":\"WebSite\",\"@id\":\"https:\\\/\\\/apacsafety.com\\\/#website\",\"url\":\"https:\\\/\\\/apacsafety.com\\\/\",\"name\":\"Your Site Safety Product Specialist | APAC\",\"description\":\"\",\"publisher\":{\"@id\":\"https:\\\/\\\/apacsafety.com\\\/#organization\"},\"potentialAction\":[{\"@type\":\"SearchAction\",\"target\":{\"@type\":\"EntryPoint\",\"urlTemplate\":\"https:\\\/\\\/apacsafety.com\\\/?s={search_term_string}\"},\"query-input\":{\"@type\":\"PropertyValueSpecification\",\"valueRequired\":true,\"valueName\":\"search_term_string\"}}],\"inLanguage\":\"sv-SE\"},{\"@type\":\"Organization\",\"@id\":\"https:\\\/\\\/apacsafety.com\\\/#organization\",\"name\":\"Your Site Safety Product Specialist | APAC\",\"url\":\"https:\\\/\\\/apacsafety.com\\\/\",\"logo\":{\"@type\":\"ImageObject\",\"inLanguage\":\"sv-SE\",\"@id\":\"https:\\\/\\\/apacsafety.com\\\/#\\\/schema\\\/logo\\\/image\\\/\",\"url\":\"https:\\\/\\\/apacsafety.com\\\/wp-content\\\/uploads\\\/2021\\\/06\\\/cropped-\u900f\u660e\u5e95\u957f\u65b9\u5f62logo\uff08\u65e0\u5c0f\u5b57\uff09.png\",\"contentUrl\":\"https:\\\/\\\/apacsafety.com\\\/wp-content\\\/uploads\\\/2021\\\/06\\\/cropped-\u900f\u660e\u5e95\u957f\u65b9\u5f62logo\uff08\u65e0\u5c0f\u5b57\uff09.png\",\"width\":2560,\"height\":706,\"caption\":\"Your Site Safety Product Specialist | APAC\"},\"image\":{\"@id\":\"https:\\\/\\\/apacsafety.com\\\/#\\\/schema\\\/logo\\\/image\\\/\"},\"sameAs\":[\"https:\\\/\\\/www.facebook.com\\\/edgeprotectionsolution\",\"https:\\\/\\\/x.com\\\/APACInfo\",\"https:\\\/\\\/www.youtube.com\\\/channel\\\/UCXCWzRI-TamfdLIY_4xa3ow\",\"https:\\\/\\\/www.linkedin.com\\\/company\\\/apac-builders-equipment-co-ltd\\\/\"]}]}<\/script>\n<!-- \/ Yoast SEO plugin. -->","yoast_head_json":{"title":"Global distribution \u2013 Din specialist p\u00e5 s\u00e4kerhetsprodukter p\u00e5 plats | APAC","robots":{"index":"index","follow":"follow","max-snippet":"max-snippet:-1","max-image-preview":"max-image-preview:large","max-video-preview":"max-video-preview:-1"},"canonical":"https:\/\/apacsafety.com\/sv\/global-distribution\/","og_locale":"sv_SE","og_type":"article","og_title":"Global Distribution - Your Site Safety Product Specialist | APAC","og_description":"Interested in becoming a distributor? cooperate with APAC Being devoted to construction worksite safety industry products for more than 10 years, APAC is fully aware of the importance of the construction industry and job site safety needs. We have developed and produced more than 270 worksite safety product types and various accessories. We can also [&hellip;]","og_url":"https:\/\/apacsafety.com\/sv\/global-distribution\/","og_site_name":"Your Site Safety Product Specialist | APAC","article_publisher":"https:\/\/www.facebook.com\/edgeprotectionsolution","article_modified_time":"2022-03-23T09:17:20+00:00","og_image":[{"url":"https:\/\/apacsafety.com\/wp-content\/uploads\/2022\/03\/online-freight-order-tracking-1024x461.jpg","type":"","width":"","height":""}],"twitter_card":"summary_large_image","twitter_site":"@APACInfo","twitter_misc":{"Ber\u00e4knad l\u00e4stid":"1 minut"},"schema":{"@context":"https:\/\/schema.org","@graph":[{"@type":"WebPage","@id":"https:\/\/apacsafety.com\/global-distribution\/","url":"https:\/\/apacsafety.com\/global-distribution\/","name":"Global distribution \u2013 Din specialist p\u00e5 s\u00e4kerhetsprodukter p\u00e5 plats | APAC","isPartOf":{"@id":"https:\/\/apacsafety.com\/#website"},"primaryImageOfPage":{"@id":"https:\/\/apacsafety.com\/global-distribution\/#primaryimage"},"image":{"@id":"https:\/\/apacsafety.com\/global-distribution\/#primaryimage"},"thumbnailUrl":"https:\/\/apacsafety.com\/wp-content\/uploads\/2022\/03\/online-freight-order-tracking-1024x461.jpg","datePublished":"2022-03-23T08:29:30+00:00","dateModified":"2022-03-23T09:17:20+00:00","breadcrumb":{"@id":"https:\/\/apacsafety.com\/global-distribution\/#breadcrumb"},"inLanguage":"sv-SE","potentialAction":[{"@type":"ReadAction","target":["https:\/\/apacsafety.com\/global-distribution\/"]}]},{"@type":"ImageObject","inLanguage":"sv-SE","@id":"https:\/\/apacsafety.com\/global-distribution\/#primaryimage","url":"https:\/\/apacsafety.com\/wp-content\/uploads\/2022\/03\/online-freight-order-tracking-1024x461.jpg","contentUrl":"https:\/\/apacsafety.com\/wp-content\/uploads\/2022\/03\/online-freight-order-tracking-1024x461.jpg"},{"@type":"BreadcrumbList","@id":"https:\/\/apacsafety.com\/global-distribution\/#breadcrumb","itemListElement":[{"@type":"ListItem","position":1,"name":"Home","item":"https:\/\/apacsafety.com\/"},{"@type":"ListItem","position":2,"name":"Global Distribution"}]},{"@type":"WebSite","@id":"https:\/\/apacsafety.com\/#website","url":"https:\/\/apacsafety.com\/","name":"Produktspecialist f\u00f6r din webbplatss\u00e4kerhet | APAC","description":"","publisher":{"@id":"https:\/\/apacsafety.com\/#organization"},"potentialAction":[{"@type":"SearchAction","target":{"@type":"EntryPoint","urlTemplate":"https:\/\/apacsafety.com\/?s={search_term_string}"},"query-input":{"@type":"PropertyValueSpecification","valueRequired":true,"valueName":"search_term_string"}}],"inLanguage":"sv-SE"},{"@type":"Organization","@id":"https:\/\/apacsafety.com\/#organization","name":"Produktspecialist f\u00f6r din webbplatss\u00e4kerhet | APAC","url":"https:\/\/apacsafety.com\/","logo":{"@type":"ImageObject","inLanguage":"sv-SE","@id":"https:\/\/apacsafety.com\/#\/schema\/logo\/image\/","url":"https:\/\/apacsafety.com\/wp-content\/uploads\/2021\/06\/cropped-\u900f\u660e\u5e95\u957f\u65b9\u5f62logo\uff08\u65e0\u5c0f\u5b57\uff09.png","contentUrl":"https:\/\/apacsafety.com\/wp-content\/uploads\/2021\/06\/cropped-\u900f\u660e\u5e95\u957f\u65b9\u5f62logo\uff08\u65e0\u5c0f\u5b57\uff09.png","width":2560,"height":706,"caption":"Your Site Safety Product Specialist | APAC"},"image":{"@id":"https:\/\/apacsafety.com\/#\/schema\/logo\/image\/"},"sameAs":["https:\/\/www.facebook.com\/edgeprotectionsolution","https:\/\/x.com\/APACInfo","https:\/\/www.youtube.com\/channel\/UCXCWzRI-TamfdLIY_4xa3ow","https:\/\/www.linkedin.com\/company\/apac-builders-equipment-co-ltd\/"]}]}},"_links":{"self":[{"href":"https:\/\/apacsafety.com\/sv\/wp-json\/wp\/v2\/pages\/19525","targetHints":{"allow":["GET"]}}],"collection":[{"href":"https:\/\/apacsafety.com\/sv\/wp-json\/wp\/v2\/pages"}],"about":[{"href":"https:\/\/apacsafety.com\/sv\/wp-json\/wp\/v2\/types\/page"}],"author":[{"embeddable":true,"href":"https:\/\/apacsafety.com\/sv\/wp-json\/wp\/v2\/users\/2"}],"replies":[{"embeddable":true,"href":"https:\/\/apacsafety.com\/sv\/wp-json\/wp\/v2\/comments?post=19525"}],"version-history":[{"count":0,"href":"https:\/\/apacsafety.com\/sv\/wp-json\/wp\/v2\/pages\/19525\/revisions"}],"wp:attachment":[{"href":"https:\/\/apacsafety.com\/sv\/wp-json\/wp\/v2\/media?parent=19525"}],"curies":[{"name":"wp","href":"https:\/\/api.w.org\/{rel}","templated":true}]}}